{"id":4531,"date":"2021-03-19T11:13:20","date_gmt":"2021-03-19T09:13:20","guid":{"rendered":"https:\/\/www.luisa.ee\/tehtud-toid\/"},"modified":"2025-10-20T16:08:01","modified_gmt":"2025-10-20T13:08:01","slug":"tehtud-toid","status":"publish","type":"page","link":"https:\/\/www.luisa.ee\/fi\/tehtud-toid\/","title":{"rendered":"Portfolio"},"content":{"rendered":"\n<p class=\"has-text-align-center has-medium-font-size wp-el\"><strong>K\u00e4\u00e4nn\u00e4mme 850 sivua p\u00e4iv\u00e4ss\u00e4 yli 200 kieliyhdistelm\u00e4ll\u00e4 monenlaisista aiheista. Alla esimerkkej\u00e4 t\u00f6ist\u00e4mme:<\/strong><\/p>\n\n\n<div id=\"acf-block_fa75e2fc3ed5a9228f2315d546751310\" class=\"acf-block-element block-tabs overflow-hidden\"><ul class=\"nav nav-tabs d-flex flex-wrap justify-content-center list-unstyled\" id=\"block_fa75e2fc3ed5a9228f2315d546751310\" role=\"tablist\">                <li class=\"nav-item\"><a class=\"display-5 position-relative d-flex flex-wrap align-items-end justify-content-center h-100 font-weight-bold nav-link active\" id=\"block_fa75e2fc3ed5a9228f2315d546751310-asiakkaita-ja-yhteistyokumppaneita-tab\" data-toggle=\"tab\" href=\"#block_fa75e2fc3ed5a9228f2315d546751310-asiakkaita-ja-yhteistyokumppaneita\" role=\"tab\" aria-controls=\"block_fa75e2fc3ed5a9228f2315d546751310-asiakkaita-ja-yhteistyokumppaneita\" aria-selected=\"true\">Asiakkaita ja yhteisty\u00f6kumppaneita<\/a><\/li>\r\n            <\/ul><div class=\"tab-content\">                <div class=\"tab-pane fade show active\" id=\"block_fa75e2fc3ed5a9228f2315d546751310-asiakkaita-ja-yhteistyokumppaneita\" role=\"tabpanel\" aria-labelledby=\"block_fa75e2fc3ed5a9228f2315d546751310-asiakkaita-ja-yhteistyokumppaneita-tab\">\r\n                    <div class=\"b-component b-clients\"><div class=\"client-item row row-grid align-items-center\"><div class=\"col-12 col-md text-center col-client-content\"><h3 class=\"display-3\">KESKO Oyj<\/h3><div class=\"editor-content\"><p>Jotta kaupassa olisi kiva k\u00e4yd\u00e4 \u2013 on kahdeksassa maassa toimivan kaupan alan palveluyrityksen ja hyv\u00e4n asiakkaamme\u00a0<strong>KESKOn<\/strong>\u00a0tunnuslause. K\u00e4\u00e4nn\u00e4mme tuotteiden esittelytekstej\u00e4 ja k\u00e4ytt\u00f6ohjeita skandinaavisille ja balttilaisille kielille.<\/p>\n<\/div><\/div><div class=\"col-12 text-center col-client-logo\"><img loading=\"lazy\" decoding=\"async\" src=\"https:\/\/www.luisa.ee\/wp-content\/uploads\/fly-images\/5070\/Kesko-Logo-255x281-1-e1620205569334-480x480.png\" width=\"120\" height=\"132\" \/><\/div><\/div><div class=\"client-item row row-grid align-items-center\"><div class=\"col-12 col-md text-center col-client-content\"><h3 class=\"display-3\">Euroopan keskuspankin talouskatsaukset<\/h3><div class=\"editor-content\"><p>Jo yli 15 vuoden ajan olemme saaneet kunnian k\u00e4\u00e4nt\u00e4\u00e4 talouskatsauksia viroksi ja viimeistell\u00e4 niiden asettelun.<\/p>\n<\/div><\/div><div class=\"col-12 text-center col-client-logo\"><img decoding=\"async\" src=\"https:\/\/www.luisa.ee\/wp-content\/uploads\/2021\/03\/european-central-bank-1.svg\" alt=\"\" \/><\/div><\/div><div class=\"client-item row row-grid align-items-center\"><div class=\"col-12 col-md text-center col-client-content\"><h3 class=\"display-3\">Bang &#038; Bonsomer<\/h3><div class=\"editor-content\"><p><a href=\"http:\/\/www.bangbonsomer.com\/\" target=\"_blank\" rel=\"noopener\">Bang &amp; Bonsomer<\/a>\u00a0on suurimpia Euroopassa ja sen it\u00e4puolella toimivia \u00e4lykk\u00e4\u00e4n materiaalink\u00e4yt\u00f6n mahdollisuuksiin keskittyneit\u00e4 teknologiayrityksi\u00e4. Yritys tarjoaa eritt\u00e4in laajan valikoiman funktionaalisia lis\u00e4aineita l\u00e4hes kaikille teollisuudenaloille.<\/p>\n<p>Ty\u00f6teht\u00e4viimme kuuluvat englanninkielisten tekstien sis\u00e4ll\u00f6ntarkistus sek\u00e4 suomen, ven\u00e4j\u00e4n ja ruotsin kielen k\u00e4\u00e4nn\u00f6kset.<\/p>\n<\/div><\/div><div class=\"col-12 text-center col-client-logo\"><img loading=\"lazy\" decoding=\"async\" src=\"https:\/\/www.luisa.ee\/wp-content\/uploads\/fly-images\/3907\/bang-480x480.png\" width=\"480\" height=\"58\" \/><\/div><\/div><div class=\"client-item row row-grid align-items-center\"><div class=\"col-12 col-md text-center col-client-content\"><h3 class=\"display-3\">Visit Estonia: \u2018Discover Estonia without Leaving Home\u2019<\/h3><div class=\"editor-content\"><p>K\u00e4\u00e4nsimme hauskan pelin, joka haastaa pelaajan suunnistustaidot antamalla heille mahdollisuuden\u00a0<a href=\"https:\/\/www.visitestonia.com\/fi\/streetview\" target=\"_blank\" rel=\"noopener\">tutustua Viroon omalta kotisohvalta k\u00e4sin<\/a>. Peli k\u00e4\u00e4nnettiin suomeksi, saksaksi, latviaksi, ven\u00e4j\u00e4ksi, englanniksi, ruotsiksi.<\/p>\n<\/div><\/div><div class=\"col-12 text-center col-client-logo\"><img loading=\"lazy\" decoding=\"async\" src=\"https:\/\/www.luisa.ee\/wp-content\/uploads\/fly-images\/4988\/logo_og_default-320x220-1-e1620205861449-480x480.png\" width=\"262\" height=\"180\" \/><\/div><\/div><div class=\"client-item row row-grid align-items-center\"><div class=\"col-12 col-md text-center col-client-content\"><h3 class=\"display-3\">\u2018Georg Ots, rakastan sinua!\u2019 -n\u00e4yttely<\/h3><div class=\"editor-content\"><p>T\u00e4m\u00e4 n\u00e4yttely esittelee legendaarisen virolaisen n\u00e4yttelij\u00e4n ja laulajan el\u00e4m\u00e4\u00e4 h\u00e4nen ihailijoidensa n\u00e4k\u00f6kulmasta. Vastasimme englannin-, ven\u00e4j\u00e4n- ja suomenkielisist\u00e4 k\u00e4\u00e4nn\u00f6ksist\u00e4.<\/p>\n<\/div><\/div><div class=\"col-12 text-center col-client-logo\"><img loading=\"lazy\" decoding=\"async\" src=\"https:\/\/www.luisa.ee\/wp-content\/uploads\/fly-images\/5012\/Georg-Ots-armastan-Sind-1-238x200-1-480x480.jpeg\" width=\"238\" height=\"200\" \/><\/div><\/div><div class=\"client-item row row-grid align-items-center\"><div class=\"col-12 col-md text-center col-client-content\"><h3 class=\"display-3\">Tarton yliopisto<\/h3><div class=\"editor-content\"><p>Euroopan arvostetuimpiin oppilaitoksiin lukeutuva Tarton yliopisto lukuisine yksikk\u00f6ineen, laitoksineen ja osastoineen on ollut Luisan hyv\u00e4 asiakas jo parinkymmenen yhteisty\u00f6vuoden ajan. Vuoden 2024 vuoden alkuun menness\u00e4 olemme tulleet toteuttaneeksi Tarton yliopistolle kaikkiaan 1400 k\u00e4\u00e4nn\u00f6stilausta, jotka kattavat yli 20 kieliparia (p\u00e4\u00e4asiassa ven\u00e4j\u00e4 ja englanti) ja runsaasti erilaisia aihealueita: tutkimuksia, kotisivujen tekstej\u00e4, virallisia k\u00e4\u00e4nn\u00f6ksi\u00e4, puheita, uutisia, l\u00e4\u00e4ketieteellisi\u00e4 tekstej\u00e4, esitteit\u00e4, riskianalyysej\u00e4, toimintakertomuksia, sopimuksia ja paljon muuta.<\/p>\n<\/div><\/div><div class=\"col-12 text-center col-client-logo\"><img decoding=\"async\" src=\"https:\/\/www.luisa.ee\/wp-content\/uploads\/2021\/03\/tartu-ulikool-1.svg\" alt=\"\" \/><\/div><\/div><div class=\"client-item row row-grid align-items-center\"><div class=\"col-12 col-md text-center col-client-content\"><h3 class=\"display-3\">TOYOTA BALTIC AS<\/h3><div class=\"editor-content\"><p>Toyota on ollut yksi kymmenest\u00e4 parhaasta yhteisty\u00f6kumppanistamme l\u00e4hes 20 vuoden ajan. Olemme k\u00e4\u00e4nt\u00e4neet heille englanniksi, viroksi, latviaksi, liettuaksi ja ven\u00e4j\u00e4ksi verkkosivutekstej\u00e4, lehdist\u00f6tiedotteita, teknisi\u00e4 kuvauksia ja paljon muuta.<\/p>\n<\/div><\/div><div class=\"col-12 text-center col-client-logo\"><img loading=\"lazy\" decoding=\"async\" src=\"https:\/\/www.luisa.ee\/wp-content\/uploads\/fly-images\/5042\/Toyota-409x200-1-480x480.png\" width=\"409\" height=\"200\" \/><\/div><\/div><div class=\"client-item row row-grid align-items-center\"><div class=\"col-12 col-md text-center col-client-content\"><h3 class=\"display-3\">KAFO<\/h3><div class=\"editor-content\"><p>Jura-kahvinkeittimet ovat jokaisen laatutietoisen toimiston vakiokalusteita, ja olemme k\u00e4\u00e4nt\u00e4neet yli 50 k\u00e4ytt\u00f6opasta viroksi (sek\u00e4 muita tekstej\u00e4 latviaksi ja liettuaksi) Kafolle, maan johtavalle Jura-tuotteiden maahantuojalle.<\/p>\n<\/div><\/div><div class=\"col-12 text-center col-client-logo\"><img loading=\"lazy\" decoding=\"async\" src=\"https:\/\/www.luisa.ee\/wp-content\/uploads\/fly-images\/5036\/kafo-we-hate-bad-coffee-copy-390x200-1-480x480.jpg\" width=\"390\" height=\"200\" \/><\/div><\/div><div class=\"client-item row row-grid align-items-center\"><div class=\"col-12 col-md text-center col-client-content\"><h3 class=\"display-3\">EXPO 2021<\/h3><div class=\"editor-content\"><p>Olemme eritt\u00e4in ylpeit\u00e4 siit\u00e4, ett\u00e4 Luisa on valittu\u00a0<strong>EXPO 2021<\/strong>\u00a0Dubai -maailmann\u00e4yttelyn Viron paviljongin k\u00e4\u00e4nn\u00f6skumppaniksi. Avustamme kaikkia n\u00e4ytteilleasettajia ja j\u00e4rjest\u00e4ji\u00e4 mielenkiintoisten k\u00e4\u00e4nn\u00f6steemojen k\u00e4\u00e4nt\u00e4misess\u00e4 useisiin eri kieliin. P\u00e4\u00e4paino on englannin ja arabian kieless\u00e4. Kielivalikoimaan kuuluu yhteens\u00e4 yli 50 kielt\u00e4.<\/p>\n<\/div><\/div><div class=\"col-12 text-center col-client-logo\"><img loading=\"lazy\" decoding=\"async\" src=\"https:\/\/www.luisa.ee\/wp-content\/uploads\/fly-images\/5082\/Atalayar_Expo-Dubai-2020_0-406x279-1-e1620206253979-480x480.jpg\" width=\"291\" height=\"200\" \/><\/div><\/div><div class=\"client-item row row-grid align-items-center\"><div class=\"col-12 col-md text-center col-client-content\"><h3 class=\"display-3\">National Atlas of Estonia<\/h3><div class=\"editor-content\"><p>T\u00e4m\u00e4 kartasto on omistettu Tartun yliopiston satavuotisjuhlalle sek\u00e4 virolaiselle maantieteelle. Teoksen on koonnut Taavi Pae Tartun yliopistosta, ja se julkaistiin yhteisty\u00f6ss\u00e4 Region kanssa viron ja englannin kielill\u00e4.<\/p>\n<\/div><\/div><div class=\"col-12 text-center col-client-logo\"><img loading=\"lazy\" decoding=\"async\" src=\"https:\/\/www.luisa.ee\/wp-content\/uploads\/fly-images\/4972\/eesti_rahvusatlas_esikaas-205x200-1-480x480.png\" width=\"205\" height=\"200\" \/><\/div><\/div><div class=\"client-item row row-grid align-items-center\"><div class=\"col-12 col-md text-center col-client-content\"><h3 class=\"display-3\">Estonian Business School<\/h3><div class=\"editor-content\"><p>Vuonna 1988 perustettu\u00a0<a href=\"https:\/\/ebs.ee\/\" target=\"_blank\" rel=\"noopener\">Estonian Business School (EBS)<\/a>\u00a0on Baltian maiden vanhin liikealan koulutusta tarjoava yliopisto. Luisan englanti-viro-englanti-k\u00e4\u00e4nn\u00f6ksi\u00e4 vuodesta 2006 l\u00e4htien.<\/p>\n<\/div><\/div><div class=\"col-12 text-center col-client-logo\"><img loading=\"lazy\" decoding=\"async\" src=\"https:\/\/www.luisa.ee\/wp-content\/uploads\/fly-images\/5050\/ebshelsingi_logo_0-405x203-1-e1620205774881-480x480.png\" width=\"299\" height=\"150\" \/><\/div><\/div><div class=\"client-item row row-grid align-items-center\"><div class=\"col-12 col-md text-center col-client-content\"><h3 class=\"display-3\">Espak Group<\/h3><div class=\"editor-content\"><p>Espak, joka on merkitt\u00e4v\u00e4 toimija Viron rakennusmateriaalimarkkinoilla, on ollut asiakkaamme l\u00e4hes kahden vuosikymmenen ajan. Olemme k\u00e4\u00e4nt\u00e4neet heille yli 200 erilaista tuoteteksti\u00e4 ja ohjetta koskien rakennus- ja viimeistelymateriaaleja, saniteettitekniikkaa, s\u00e4hk\u00f6tarvikkeita, puutarha- ja kotitaloustarvikkeita sek\u00e4 paljoa muuta.<\/p>\n<\/div><\/div><div class=\"col-12 text-center col-client-logo\"><img loading=\"lazy\" decoding=\"async\" src=\"https:\/\/www.luisa.ee\/wp-content\/uploads\/fly-images\/5040\/espak-480x480.jpg\" width=\"300\" height=\"150\" \/><\/div><\/div><div class=\"client-item row row-grid align-items-center\"><div class=\"col-12 col-md text-center col-client-content\"><h3 class=\"display-3\">The ECG \u2013 Made Easy<\/h3><div class=\"editor-content\"><p>Omaamme runsaasti kokemusta l\u00e4\u00e4ketieteellisien tekstien k\u00e4\u00e4nt\u00e4misest\u00e4, joten kun t\u00e4m\u00e4 teos haluttiin k\u00e4\u00e4nt\u00e4\u00e4 viroksi, tartuimme tilaisuuteen.<\/p>\n<\/div><\/div><div class=\"col-12 text-center col-client-logo\"><img loading=\"lazy\" decoding=\"async\" src=\"https:\/\/www.luisa.ee\/wp-content\/uploads\/fly-images\/4962\/EKG-see-on-lihtne-1-197x200-1-480x480.jpeg\" width=\"197\" height=\"200\" \/><\/div><\/div><div class=\"client-item row row-grid align-items-center\"><div class=\"col-12 col-md text-center col-client-content\"><h3 class=\"display-3\">Asianajotoimisto Magnusson<\/h3><div class=\"editor-content\"><p>Kansainv\u00e4linen yritysoikeuteen erikoistunut\u00a0<strong>asianajotoimisto Magnusson<\/strong>\u00a0on ollut asiakkaamme jo vuodesta 2013 l\u00e4htien. Olemme k\u00e4\u00e4nt\u00e4neet sopimuksia, virallisia k\u00e4\u00e4nn\u00f6ksi\u00e4, oikeuden m\u00e4\u00e4r\u00e4yksi\u00e4 ja tuomioita sek\u00e4 muita materiaaleja 15:een eri kieleen.<\/p>\n<\/div><\/div><div class=\"col-12 text-center col-client-logo\"><img loading=\"lazy\" decoding=\"async\" src=\"https:\/\/www.luisa.ee\/wp-content\/uploads\/fly-images\/5062\/Magnusson_logo_metallic_grey-CLASSIC-scaled-419x351-1-e1620207645723-480x480.jpg\" width=\"298\" height=\"250\" \/><\/div><\/div><div class=\"client-item row row-grid align-items-center\"><div class=\"col-12 col-md text-center col-client-content\"><h3 class=\"display-3\">Anett Kontaveit<\/h3><div class=\"editor-content\"><p>Olimme onnekkaita saadessamme WTA Median pyynn\u00f6st\u00e4 antaa oman panoksemme t\u00e4lle nuoresta virolaisesta tennispelaajasta kertovalle elokuvalle.<\/p>\n<\/div><\/div><div class=\"col-12 text-center col-client-logo\"><img loading=\"lazy\" decoding=\"async\" src=\"https:\/\/www.luisa.ee\/wp-content\/uploads\/fly-images\/5008\/Kontaveit-384x200-1-480x480.jpeg\" width=\"384\" height=\"200\" \/><\/div><\/div><\/div>                <\/div>\r\n            <\/div><\/div>","protected":false},"excerpt":{"rendered":"<p>K\u00e4\u00e4nn\u00e4mme 850 sivua p\u00e4iv\u00e4ss\u00e4 yli 200 kieliyhdistelm\u00e4ll\u00e4 monenlaisista aiheista. Alla esimerkkej\u00e4 t\u00f6ist\u00e4mme:<\/p>\n","protected":false},"author":1,"featured_media":0,"parent":0,"menu_order":0,"comment_status":"closed","ping_status":"closed","template":"","meta":{"_acf_changed":false,"inline_featured_image":false,"footnotes":"","_links_to":"","_links_to_target":""},"class_list":["post-4531","page","type-page","status-publish","hentry"],"acf":[],"_links":{"self":[{"href":"https:\/\/www.luisa.ee\/fi\/wp-json\/wp\/v2\/pages\/4531","targetHints":{"allow":["GET"]}}],"collection":[{"href":"https:\/\/www.luisa.ee\/fi\/wp-json\/wp\/v2\/pages"}],"about":[{"href":"https:\/\/www.luisa.ee\/fi\/wp-json\/wp\/v2\/types\/page"}],"author":[{"embeddable":true,"href":"https:\/\/www.luisa.ee\/fi\/wp-json\/wp\/v2\/users\/1"}],"replies":[{"embeddable":true,"href":"https:\/\/www.luisa.ee\/fi\/wp-json\/wp\/v2\/comments?post=4531"}],"version-history":[{"count":12,"href":"https:\/\/www.luisa.ee\/fi\/wp-json\/wp\/v2\/pages\/4531\/revisions"}],"predecessor-version":[{"id":9461,"href":"https:\/\/www.luisa.ee\/fi\/wp-json\/wp\/v2\/pages\/4531\/revisions\/9461"}],"wp:attachment":[{"href":"https:\/\/www.luisa.ee\/fi\/wp-json\/wp\/v2\/media?parent=4531"}],"curies":[{"name":"wp","href":"https:\/\/api.w.org\/{rel}","templated":true}]}}