{"id":4537,"date":"2021-03-18T16:23:43","date_gmt":"2021-03-18T14:23:43","guid":{"rendered":"https:\/\/www.luisa.ee\/transkriptsioon\/"},"modified":"2021-06-01T09:06:45","modified_gmt":"2021-06-01T06:06:45","slug":"transkriptsioon","status":"publish","type":"page","link":"https:\/\/www.luisa.ee\/fi\/teenused\/transkriptsioon\/","title":{"rendered":"Transkriptsioon"},"content":{"rendered":"<div id=\"acf-block_60474f2eb3471\" class=\"acf-block-element block-txtmedia\"><div class=\"row row-grid\"><div class=\"col-12 col-lg-6 col-content\">\n<h2 id=\"acf-block_60475588bf951\" class=\"wp-el d-flex flex-wrap align-items-center has-icon\"><span class=\"d-block\">Transkribeerimine<\/span><img decoding=\"async\" src=\"https:\/\/www.luisa.ee\/wp-content\/uploads\/2021\/03\/speech-bubble.svg\" alt=\"\" \/><\/h2>\n\n\n<p class=\"wp-el\">Pakume transkriptsiooni ligi 50 keeles oma erialade spetsialistide poolt. Olgu selleks fookusgrupi intervjuu, koosolek, kohtumaterjal v\u00f5i akadeemiline materjal \u2013 meil on pea k\u00f5igi v\u00f5imalike valdkondadega tuttavaid tranksribeerijaid. Sellega tagame, et kogu audiofaili tekst saab&nbsp; transkriptsioonifaili kirja t\u00e4pselt nii nagu k\u00f5neldi.<br><br>Transkribeerime erinevaid helifaile, mille teemade hulka kuuluvad muuhulgas intervjuud, konverentsid, turu-uuringud ja koosolekud.<\/p>\n\n<\/div><div class=\"col-12 col-lg-5 col-media offset-lg-1 align-self-lg-center\"><div class=\"col-media__wrapper type_singleimg position-relative\"><img loading=\"lazy\" decoding=\"async\" src=\"https:\/\/www.luisa.ee\/wp-content\/uploads\/fly-images\/4442\/image1-510x380-c.png\" width=\"510\" height=\"380\" \/><\/div><\/div><\/div><\/div>\n\n<div id=\"acf-block_605364e15d75d\" class=\"acf-block-element block-txtmedia\"><div class=\"row row-grid\"><div class=\"col-12 col-lg-6 col-content\">\n<h2 id=\"acf-block_605364e15d75e\" class=\"wp-el d-flex flex-wrap align-items-center has-icon\"><span class=\"d-block\">Transkribeerimise etapid<\/span><img decoding=\"async\" src=\"https:\/\/www.luisa.ee\/wp-content\/uploads\/2021\/03\/speech-bubble.svg\" alt=\"\" \/><\/h2>\n\n\n<ol type=\"1\" class=\"wp-el wp-block-list\"><li>Meie projektijuht saab failid k\u00e4tte, vaatab need \u00fcle ja saadab hinnapakkumuse.<\/li><li>T\u00f6\u00f6 vastuv\u00f5tmisel valib projektijuht su failidega t\u00f6\u00f6tama just selleks t\u00f6\u00f6ks sobiva keelespetsialisti.<\/li><li>Transkribeerija loob helifaili j\u00e4rgi t\u00e4pse transkriptsiooni, kasutades selleks moodsaimaid k\u00f5netuvastuse programme. <\/li><li>Transkriptsioon luuakse sulle sobivas formaadis, et kogu tekst oleks h\u00f5lpsasti leitav ja jagatav. Levinumad failiformaadid on MS Word ja TXT.<\/li><li>Veendumaks transkriptsiooni kvaliteedis, kontrollib meie toimetaja sisu veel \u00fcle. Seej\u00e4rel saadab meie projektijuht sulle valmis faili.<\/li><\/ol>\n\n<\/div><div class=\"col-12 col-lg-5 col-media offset-lg-1 align-self-lg-center\"><div class=\"col-media__wrapper type_singleimg position-relative\"><img decoding=\"async\" src=\"\" width=\"\" height=\"\" \/><\/div><\/div><\/div><\/div>\n\n<div id=\"acf-block_6053653a5d75f\" class=\"acf-block-element block-bgcontainer w-max\"><div class=\"container-fluid bg-secondary\"><div class=\"container\">\n\n<p class=\"has-text-align-center wp-el\">Hoolitseme selle eest, et audiofailile saaks v\u00f5imalikult mugavalt ja kiirelt kvaliteetne transkriptsioon. <br>Sinult ootame vaid faile ja baasinfot.<\/p>\n\n<\/div><\/div><\/div>","protected":false},"excerpt":{"rendered":"","protected":false},"author":1,"featured_media":0,"parent":4631,"menu_order":60,"comment_status":"closed","ping_status":"closed","template":"","meta":{"_acf_changed":false,"inline_featured_image":false,"footnotes":"","_links_to":"","_links_to_target":""},"class_list":["post-4537","page","type-page","status-publish","hentry"],"acf":[],"_links":{"self":[{"href":"https:\/\/www.luisa.ee\/fi\/wp-json\/wp\/v2\/pages\/4537","targetHints":{"allow":["GET"]}}],"collection":[{"href":"https:\/\/www.luisa.ee\/fi\/wp-json\/wp\/v2\/pages"}],"about":[{"href":"https:\/\/www.luisa.ee\/fi\/wp-json\/wp\/v2\/types\/page"}],"author":[{"embeddable":true,"href":"https:\/\/www.luisa.ee\/fi\/wp-json\/wp\/v2\/users\/1"}],"replies":[{"embeddable":true,"href":"https:\/\/www.luisa.ee\/fi\/wp-json\/wp\/v2\/comments?post=4537"}],"version-history":[{"count":1,"href":"https:\/\/www.luisa.ee\/fi\/wp-json\/wp\/v2\/pages\/4537\/revisions"}],"predecessor-version":[{"id":4544,"href":"https:\/\/www.luisa.ee\/fi\/wp-json\/wp\/v2\/pages\/4537\/revisions\/4544"}],"up":[{"embeddable":true,"href":"https:\/\/www.luisa.ee\/fi\/wp-json\/wp\/v2\/pages\/4631"}],"wp:attachment":[{"href":"https:\/\/www.luisa.ee\/fi\/wp-json\/wp\/v2\/media?parent=4537"}],"curies":[{"name":"wp","href":"https:\/\/api.w.org\/{rel}","templated":true}]}}