{"id":4557,"date":"2021-03-17T14:40:54","date_gmt":"2021-03-17T12:40:54","guid":{"rendered":"https:\/\/www.luisa.ee\/vandetolge\/"},"modified":"2025-10-20T16:16:32","modified_gmt":"2025-10-20T13:16:32","slug":"vandetolge","status":"publish","type":"page","link":"https:\/\/www.luisa.ee\/fi\/teenused\/vandetolge\/","title":{"rendered":"Viralliset k\u00e4\u00e4nn\u00f6kset"},"content":{"rendered":"\n<h2 class=\"wp-block-heading has-text-align-center wp-el\" id=\"viralliset-kaannokset-45-kieliparissa\"><span style=\"color:#9C841D\" class=\"tadv-color\">Viralliset k\u00e4\u00e4nn\u00f6kset <\/span><span style=\"color:#F46519\" class=\"tadv-color\">45<\/span><span style=\"color:#9C841D\" class=\"tadv-color\"> kieliparissa!<\/span><\/h2>\n\n\n<div id=\"acf-block_7cf3ac1cfa2d90b406c6de6769cc82c9\" class=\"acf-block-element block-txtmedia\"><div class=\"row row-grid\"><div class=\"col-12 col-lg-6 col-content\">\n\n<p class=\"wp-el\">Viralliset k\u00e4\u00e4nn\u00f6kset muodostavat huomattavan osan tilauksista. Yritysten ja valtion virastojen toiminta ja suunnitelmat riippuvat usein auktorisoidun k\u00e4\u00e4nt\u00e4j\u00e4n ty\u00f6n t\u00e4sm\u00e4llisyydest\u00e4 ja nopeudesta. Viralliset eli auktorisoidut k\u00e4\u00e4nt\u00e4j\u00e4mme auttavat p\u00e4ivitt\u00e4in my\u00f6s ihan tavallisia ihmisi\u00e4 olemalla samalla mukana heid\u00e4n t\u00e4rkeiss\u00e4 el\u00e4m\u00e4ntapahtumissaan. On mielenkiintoista ja kehitt\u00e4v\u00e4\u00e4 saada seurata vierest\u00e4 niin erilaisia kohtalon kuvioita.<\/p>\n\n\n\n<p class=\"wp-el\">Asiakirjak\u00e4\u00e4nn\u00f6kset voidaan jakaa <span style=\"color:#9C841D\" class=\"tadv-color\">kahteen <\/span>ryhm\u00e4\u00e4n:<\/p>\n\n\n\n<ul class=\"wp-block-list wp-el\">\n<li><span style=\"color:#9C841D\" class=\"tadv-color\">auktorisoidun k\u00e4\u00e4nt\u00e4j\u00e4n palvelut,<\/span><\/li>\n\n\n\n<li><span style=\"color:#9C841D\" class=\"tadv-color\">k\u00e4\u00e4nn\u00f6stoimisto Luisan vahvistamat k\u00e4\u00e4nn\u00f6kset.<\/span><\/li>\n<\/ul>\n\n\n\n<p class=\"wp-el\">Tarjoamme auktorisoidun k\u00e4\u00e4nt\u00e4j\u00e4n palveluja kaikilla Virossa tarjottavilla kielill\u00e4. Teemme auktorisoituja k\u00e4\u00e4nn\u00f6ksi\u00e4 <span style=\"color:#9C841D\" class=\"tadv-color\">45<\/span> kieliparissa, my\u00f6s\u202f<span style=\"color:#9C841D\" class=\"tadv-color\"><strong>viro-suomi-viro, ven\u00e4j\u00e4-suomi-ven\u00e4j\u00e4 ja englanti-suomi-englanti<\/strong><\/span>.<\/p>\n\n<\/div><div class=\"col-12 col-lg-5 col-media offset-lg-1 align-self-lg-center\"><div class=\"col-media__wrapper type_singleimg position-relative\"><img loading=\"lazy\" decoding=\"async\" src=\"https:\/\/www.luisa.ee\/wp-content\/uploads\/fly-images\/6143\/DSC_9336-scaled-510x380-c.jpg\" width=\"510\" height=\"380\" \/><\/div><\/div><\/div><\/div>\n\n<div id=\"acf-block_db1b5e0cf5414811a4e874ce4a0e842f\" class=\"acf-block-element block-logos\"><div class=\"row row-grid align-items-center justify-content-center\"><div class=\"col-auto\"><img loading=\"lazy\" decoding=\"async\" src=\"https:\/\/www.luisa.ee\/wp-content\/uploads\/fly-images\/4513\/Sorainen-Primary_Sorainen_Blue-150x90.png\" width=\"150\" height=\"64\" \/><\/div><div class=\"col-auto\"><img loading=\"lazy\" decoding=\"async\" src=\"https:\/\/www.luisa.ee\/wp-content\/uploads\/fly-images\/4514\/Cobalt-logo-EN-profile-blue-RGB-002-150x90.png\" width=\"150\" height=\"71\" \/><\/div><div class=\"col-auto\"><img loading=\"lazy\" decoding=\"async\" src=\"https:\/\/www.luisa.ee\/wp-content\/uploads\/fly-images\/4516\/NJORD-logo_positiv-lawfirm-002-150x90.jpg\" width=\"150\" height=\"49\" \/><\/div><div class=\"col-auto\"><img loading=\"lazy\" decoding=\"async\" src=\"https:\/\/www.luisa.ee\/wp-content\/uploads\/fly-images\/4517\/Ellex-Raidla-Logo-H-PNG-RGB-No-background-150x90.png\" width=\"150\" height=\"44\" \/><\/div><div class=\"col-auto\"><img loading=\"lazy\" decoding=\"async\" src=\"https:\/\/www.luisa.ee\/wp-content\/uploads\/fly-images\/4518\/hedman_logo_1080x567-150x90.png\" width=\"150\" height=\"79\" \/><\/div><div class=\"col-auto\"><img loading=\"lazy\" decoding=\"async\" src=\"https:\/\/www.luisa.ee\/wp-content\/uploads\/fly-images\/5062\/Magnusson_logo_metallic_grey-CLASSIC-scaled-419x351-1-e1620207645723-150x90.jpg\" width=\"107\" height=\"90\" \/><\/div><div class=\"col-auto\"><img loading=\"lazy\" decoding=\"async\" src=\"https:\/\/www.luisa.ee\/wp-content\/uploads\/fly-images\/4519\/Sirel-150x90.png\" width=\"150\" height=\"79\" \/><\/div><div class=\"col-auto\"><img loading=\"lazy\" decoding=\"async\" src=\"https:\/\/www.luisa.ee\/wp-content\/uploads\/fly-images\/4520\/oiguskantsler-150x90.jpg\" width=\"150\" height=\"47\" \/><\/div><div class=\"col-auto\"><img loading=\"lazy\" decoding=\"async\" src=\"https:\/\/www.luisa.ee\/wp-content\/uploads\/fly-images\/7072\/swedbank-partner-with-munich-re-150x90.jpg\" width=\"150\" height=\"83\" \/><\/div><div class=\"col-auto\"><img loading=\"lazy\" decoding=\"async\" src=\"https:\/\/www.luisa.ee\/wp-content\/uploads\/fly-images\/4521\/julianus-150x90.png\" width=\"150\" height=\"46\" \/><\/div><\/div><\/div>\n\n<div id=\"acf-block_6337ed0992ef5be022e97c30500f037a\" class=\"acf-block-element block-txtmedia\"><div class=\"row row-grid\"><div class=\"col-12 col-lg-6 col-content\">\n<h2 id=\"acf-block_aeb83f0bd8df40353918ca94ed2a741b\" class=\"wp-el d-flex flex-wrap align-items-center has-icon\"><span class=\"d-block\">Auktorisoituja k\u00e4\u00e4nt\u00e4ji\u00e4mme<\/span><img decoding=\"async\" src=\"https:\/\/www.luisa.ee\/wp-content\/uploads\/2021\/03\/speech-bubble.svg\" alt=\"\" \/><\/h2>\n\n\n<p class=\"wp-el\">Sander Liivak\u202f\u2013 suomi-viro<br>Kristel Kivisik\u202f\u2013 viro-suomi<br>Marika Borovikova\u202f\u2013\u202fviro-englanti-viro<br>Edda Teder\u202f\u2013\u202fenglanti-viro<br>Terje Arro\u202f\u2013 englanti-viro<br>Galina Tkacheva\u202f\u2013\u202fviro-ven\u00e4j\u00e4<br>Zanna Sokolova\u202f\u2013\u202fviro-ven\u00e4j\u00e4<br>Viiu Astel\u202f\u2013\u202fviro-norja-viro<br>Katrin Skott\u202f\u2013\u202fviro-ruotsi-viro<br>Dita Lince\u202f\u2013\u202fviro-latvia-viro<br>Laima Kirsimaa\u202f\u2013\u202fliettua-viro<br>Rugile Slavinskaite Saare \u2013 viro-liettua<br>Kaire Kliimask \u2013 viro-saksa-viro<br>Mari Kelve-Liivsoo \u2013 ranska-viro<br>Kai Niels Willadsen \u2013 viro-tanska<br>Herdis Vaakmann \u2013 viro-saksa-viro<br>Janne Kukk \u2013 viro-espanja-viro<\/p>\n\n\n\n<p class=\"wp-el\">Mik\u00e4li asiakirja t\u00e4ytyy k\u00e4\u00e4nt\u00e4\u00e4 sellaiselle kielelle, johon ei Virosta l\u00f6ydy yht\u00e4\u00e4n auktorisoitua k\u00e4\u00e4nt\u00e4j\u00e4\u00e4, yhteisty\u00f6verkostoomme kuuluu paikallisia auktorisoituja k\u00e4\u00e4nt\u00e4ji\u00e4 Suomesta, Latviasta, Liettuasta, Puolasta, Ven\u00e4j\u00e4lt\u00e4 ja monista muista maista ja he auttavat tarvittaessa asiakirjak\u00e4\u00e4nn\u00f6ksiss\u00e4.<\/p>\n\n\n\n<p class=\"wp-el\">Annamme mielell\u00e4mme lis\u00e4tietoja.<\/p>\n\n<\/div><div class=\"col-12 col-lg-5 col-media offset-lg-1 align-self-lg-center\"><div class=\"col-media__wrapper type_singleimg position-relative\"><img decoding=\"async\" src=\"\" width=\"\" height=\"\" \/><\/div><\/div><\/div><\/div>\n\n\n<div class=\"wp-block-columns is-layout-flex wp-container-core-columns-is-layout-9d6595d7 wp-block-columns-is-layout-flex\">\n<div class=\"wp-block-column is-layout-flow wp-block-column-is-layout-flow\">\n<p class=\"wp-el\">Usein asiakirjoja ei tarvitse vahvistaa, mutta ne kuuluvat sis\u00e4lt\u00f6ns\u00e4 puolesta auktorisoidulle k\u00e4\u00e4nt\u00e4j\u00e4lle. T\u00e4llaisia tekstej\u00e4 ovat esimerkiksi erilaiset juridiset tekstit, sopimukset, s\u00e4\u00e4d\u00f6kset, tuomioistuimen p\u00e4\u00e4t\u00f6kset ja tilinp\u00e4\u00e4t\u00f6kset. <span class=\"tadv-color\" style=\"color:#9C841D\">Luisa Language Solutions<\/span> pidet\u00e4\u00e4n monissa virolaisissa virastoissa luotettavan k\u00e4\u00e4nn\u00f6ksen merkkin\u00e4. Vahvistus liitet\u00e4\u00e4n joko itse k\u00e4\u00e4nn\u00f6kseen tai annetaan s\u00e4hk\u00f6isen\u00e4 vahvistuksena auktorisoidun k\u00e4\u00e4nt\u00e4j\u00e4n vahvistuksen kaltaisesti.<\/p>\n<\/div>\n\n\n\n<div class=\"wp-block-column is-layout-flow wp-block-column-is-layout-flow\">\n<p class=\"wp-el\"><\/p>\n<\/div>\n<\/div>\n\n\n\n<div class=\"wp-block-columns is-layout-flex wp-container-core-columns-is-layout-9d6595d7 wp-block-columns-is-layout-flex\">\n<div class=\"wp-block-column is-layout-flow wp-block-column-is-layout-flow\">\n<p class=\"wp-el\">Asiakirjojen (auktorisoidun k\u00e4\u00e4nt\u00e4j\u00e4n tai Luisan vahvistuksella) vastaanotto ja luovutus ma-pe klo 11\u201315.<\/p>\n\n\n\n<p class=\"wp-el\">Kysymyksi\u00e4 ja tilauksia otamme vastaan asiakirjaosastolla Tallinnassa.<\/p>\n\n\n\n<p class=\"wp-el\"><\/p>\n<\/div>\n\n\n\n<div class=\"wp-block-column is-layout-flow wp-block-column-is-layout-flow\">\n<p class=\"wp-el\">Asiakirjat voi l\u00e4hett\u00e4\u00e4 my\u00f6s postitse:<br><span class=\"tadv-color\" style=\"color:#9C841D\">Helina Tera, Luisa Language Solutions, Rotermanni 7, 10111 Tallinn<\/span><\/p>\n\n\n\n<p class=\"wp-el\">Pyyd\u00e4mme liitt\u00e4m\u00e4\u00e4n mukaan l\u00e4hett\u00e4j\u00e4n nimen ja puhelinnumeron sek\u00e4 tiedon siit\u00e4, mille kielelle asiakirjak\u00e4\u00e4nn\u00f6s halutaan. Kirjeen saavuttua otamme yhteytt\u00e4 ja sovimme toimeksiannon yksityiskohdista (mm. maksutapa ja toimitusaika).<\/p>\n<\/div>\n<\/div>\n","protected":false},"excerpt":{"rendered":"<p>Viralliset k\u00e4\u00e4nn\u00f6kset 45 kieliparissa! Usein asiakirjoja ei tarvitse vahvistaa, mutta ne kuuluvat sis\u00e4lt\u00f6ns\u00e4 puolesta auktorisoidulle k\u00e4\u00e4nt\u00e4j\u00e4lle. T\u00e4llaisia tekstej\u00e4 ovat esimerkiksi&#8230;<\/p>\n","protected":false},"author":1,"featured_media":6422,"parent":4631,"menu_order":30,"comment_status":"closed","ping_status":"closed","template":"","meta":{"_acf_changed":false,"inline_featured_image":false,"footnotes":"","_links_to":"","_links_to_target":""},"class_list":["post-4557","page","type-page","status-publish","has-post-thumbnail","hentry"],"acf":[],"_links":{"self":[{"href":"https:\/\/www.luisa.ee\/fi\/wp-json\/wp\/v2\/pages\/4557","targetHints":{"allow":["GET"]}}],"collection":[{"href":"https:\/\/www.luisa.ee\/fi\/wp-json\/wp\/v2\/pages"}],"about":[{"href":"https:\/\/www.luisa.ee\/fi\/wp-json\/wp\/v2\/types\/page"}],"author":[{"embeddable":true,"href":"https:\/\/www.luisa.ee\/fi\/wp-json\/wp\/v2\/users\/1"}],"replies":[{"embeddable":true,"href":"https:\/\/www.luisa.ee\/fi\/wp-json\/wp\/v2\/comments?post=4557"}],"version-history":[{"count":14,"href":"https:\/\/www.luisa.ee\/fi\/wp-json\/wp\/v2\/pages\/4557\/revisions"}],"predecessor-version":[{"id":9466,"href":"https:\/\/www.luisa.ee\/fi\/wp-json\/wp\/v2\/pages\/4557\/revisions\/9466"}],"up":[{"embeddable":true,"href":"https:\/\/www.luisa.ee\/fi\/wp-json\/wp\/v2\/pages\/4631"}],"wp:featuredmedia":[{"embeddable":true,"href":"https:\/\/www.luisa.ee\/fi\/wp-json\/wp\/v2\/media\/6422"}],"wp:attachment":[{"href":"https:\/\/www.luisa.ee\/fi\/wp-json\/wp\/v2\/media?parent=4557"}],"curies":[{"name":"wp","href":"https:\/\/api.w.org\/{rel}","templated":true}]}}