{"id":4575,"date":"2021-03-15T13:04:55","date_gmt":"2021-03-15T11:04:55","guid":{"rendered":"https:\/\/www.luisa.ee\/ajalugu\/"},"modified":"2024-09-13T20:35:09","modified_gmt":"2024-09-13T17:35:09","slug":"ajalugu","status":"publish","type":"page","link":"https:\/\/www.luisa.ee\/fi\/luisast\/ajalugu\/","title":{"rendered":"Historiaa"},"content":{"rendered":"\n<h2 class=\"has-text-align-center wp-el wp-block-heading\"><span style=\"color:#9C841D\" class=\"tadv-color\">30 vuotta synergiaa ja intoa!<\/span><\/h2>\n\n\n\n<p class=\"wp-el\"><\/p>\n\n\n\n<div class=\"wp-block-columns are-vertically-aligned-center is-layout-flex wp-container-core-columns-is-layout-9d6595d7 wp-block-columns-is-layout-flex\">\n<div class=\"wp-block-column is-vertically-aligned-center is-layout-flow wp-block-column-is-layout-flow\" style=\"flex-basis:100%\">\n<div class=\"wp-block-columns is-layout-flex wp-container-core-columns-is-layout-9d6595d7 wp-block-columns-is-layout-flex\">\n<div class=\"wp-block-column is-layout-flow wp-block-column-is-layout-flow\">\n<p class=\"wp-el\">Vuonna 1992 maailmassa tapahtui montakin t\u00e4rke\u00e4\u00e4 asiaa, mutta meid\u00e4n tarinamme alkoi n\u00e4in: Viro oli juuri itsen\u00e4istynyt uudelleen ja saanut oman rahan \u2013 Viron kruunun. Markkinoille putkahti satojen muiden uusien yritysten joukossa yhden ty\u00f6ntekij\u00e4n konekirjoitustoimisto Luisa, joka alkoi ponnistella kohti menestyst\u00e4. Juuri avautuneen markkinatalouden tuulet puhalsivat ja innokkaat ajatukset ja palvelut otettiin markkinoilla hyvin vastaan. Saadusta palautteesta rohkaistuneena l\u00e4hdimmekin yhdess\u00e4 jatkuvasti kasvavan henkil\u00f6kuntamme kanssa astumaan kohti suurta tuntematonta. Yhden ty\u00f6ntekij\u00e4n pienyritys on sittemmin kasvanut Viron suurimmaksi k\u00e4\u00e4nn\u00f6stoimistoksi, jonka asema koko Baltian mittakaavassa on merkitt\u00e4v\u00e4.<\/p>\n\n\n\n<p class=\"wp-el\">Kiitos upealle henkil\u00f6kunnallemme, yhteisty\u00f6kumppaneillemme ja kymmenille tuhansille asiakkaillemme, jotka ovat tehneet Luisasta juuri sellaisen k\u00e4\u00e4nn\u00f6stoimiston kuin mit\u00e4 se nyt on \u2013 parhaan parhaassa i\u00e4ss\u00e4!<\/p>\n<\/div>\n\n\n\n<div class=\"wp-block-column is-vertically-aligned-top is-layout-flow wp-block-column-is-layout-flow\">\n<p class=\"wp-el\">Vuoden 1992 tapahtumia:<\/p>\n\n\n\n<ul class=\"wp-el wp-block-list\"><li>KOK:n presidentti Juan Antonio Samaranch vierailee Tallinnassa<\/li><li>Ruotsin kuninkaan Kaarle XVI Kustaan ja kuningatar Silvian virallinen vierailu Viroon<\/li><li>Viro ottaa k\u00e4ytt\u00f6\u00f6n oman rahan, Viron kruunun<\/li><li>Viro voittaa kultamitalin Barcelonan olympialaisissa (Erika Salum\u00e4e)<\/li><li><span style=\"color:#9C841D\" class=\"tadv-color\">Berbel Pedari (Pruunsild) perustaa AS LUISAn. Ensimm\u00e4inen toimisto avaa ovensa Tartossa 16. marraskuuta osoitteessa Tiigi 1.<\/span><\/li><\/ul>\n<\/div>\n<\/div>\n\n\n\n<p class=\"wp-el\"><\/p>\n\n\n\n<h2 class=\"has-text-align-center wp-el wp-block-heading\"><span style=\"color:#9C841D\" class=\"tadv-color\">Tervetuloa valokuvamatkalle halki historian!<\/span><\/h2>\n<\/div>\n<\/div>\n\n\n<div id=\"acf-block_60476f2511d00\" class=\"acf-block-element block-gallery w-max\"><div class=\"container-fluid position-relative\"><div class=\"swiper-container\"><div class=\"swiper-wrapper align-items-center\"><div class=\"swiper-slide\"><div class=\"slide-inner d-flex flex-wrap align-items-center justify-content-center\"><a href=\"https:\/\/www.luisa.ee\/wp-content\/uploads\/2021\/03\/IMG_07841Resized-1360x1020.jpg\" data-fancybox=\"gallery-block_60476f2511d00\"><img loading=\"lazy\" decoding=\"async\" src=\"https:\/\/www.luisa.ee\/wp-content\/uploads\/fly-images\/5910\/IMG_07841Resized-1060x420-c.jpg\" width=\"1060\" height=\"420\" \/><\/a><\/div><\/div><div class=\"swiper-slide\"><div class=\"slide-inner d-flex flex-wrap align-items-center justify-content-center\"><a href=\"https:\/\/www.luisa.ee\/wp-content\/uploads\/2021\/03\/IMG_07821Resized-1360x1020.jpg\" data-fancybox=\"gallery-block_60476f2511d00\"><img loading=\"lazy\" decoding=\"async\" src=\"https:\/\/www.luisa.ee\/wp-content\/uploads\/fly-images\/5909\/IMG_07821Resized-1060x420-c.jpg\" width=\"1060\" height=\"420\" \/><\/a><\/div><\/div><div class=\"swiper-slide\"><div class=\"slide-inner d-flex flex-wrap align-items-center justify-content-center\"><a href=\"https:\/\/www.luisa.ee\/wp-content\/uploads\/2021\/03\/IMG_07941-1-1360x1020.jpg\" data-fancybox=\"gallery-block_60476f2511d00\"><img loading=\"lazy\" decoding=\"async\" src=\"https:\/\/www.luisa.ee\/wp-content\/uploads\/fly-images\/5911\/IMG_07941-1-1060x420-c.jpg\" width=\"1060\" height=\"420\" \/><\/a><\/div><\/div><div class=\"swiper-slide\"><div class=\"slide-inner d-flex flex-wrap align-items-center justify-content-center\"><a href=\"https:\/\/www.luisa.ee\/wp-content\/uploads\/2021\/03\/IMGP2221-640x480-1-1360x1020.jpg\" data-fancybox=\"gallery-block_60476f2511d00\"><img loading=\"lazy\" decoding=\"async\" src=\"https:\/\/www.luisa.ee\/wp-content\/uploads\/fly-images\/5912\/IMGP2221-640x480-1-1060x420-c.jpg\" width=\"1060\" height=\"420\" \/><\/a><\/div><\/div><div class=\"swiper-slide\"><div class=\"slide-inner d-flex flex-wrap align-items-center justify-content-center\"><a href=\"https:\/\/www.luisa.ee\/wp-content\/uploads\/2021\/03\/Vaska-raamat_Resized-1360x1020.jpg\" data-fancybox=\"gallery-block_60476f2511d00\"><img loading=\"lazy\" decoding=\"async\" src=\"https:\/\/www.luisa.ee\/wp-content\/uploads\/fly-images\/5913\/Vaska-raamat_Resized-1060x420-c.jpg\" width=\"1060\" height=\"420\" \/><\/a><\/div><\/div><div class=\"swiper-slide\"><div class=\"slide-inner d-flex flex-wrap align-items-center justify-content-center\"><a href=\"https:\/\/www.luisa.ee\/wp-content\/uploads\/2021\/03\/IMG_0827-1-1360x1020.jpg\" data-fancybox=\"gallery-block_60476f2511d00\"><img loading=\"lazy\" decoding=\"async\" src=\"https:\/\/www.luisa.ee\/wp-content\/uploads\/fly-images\/5914\/IMG_0827-1-1060x420-c.jpg\" width=\"1060\" height=\"420\" \/><\/a><\/div><\/div><div class=\"swiper-slide\"><div class=\"slide-inner d-flex flex-wrap align-items-center justify-content-center\"><a href=\"https:\/\/www.luisa.ee\/wp-content\/uploads\/2021\/03\/IMG_07791-1-1360x1020.jpg\" data-fancybox=\"gallery-block_60476f2511d00\"><img loading=\"lazy\" decoding=\"async\" src=\"https:\/\/www.luisa.ee\/wp-content\/uploads\/fly-images\/5915\/IMG_07791-1-1060x420-c.jpg\" width=\"1060\" height=\"420\" \/><\/a><\/div><\/div><div class=\"swiper-slide\"><div class=\"slide-inner d-flex flex-wrap align-items-center justify-content-center\"><a href=\"https:\/\/www.luisa.ee\/wp-content\/uploads\/2021\/03\/IMG_0810-1-1360x1020.jpg\" data-fancybox=\"gallery-block_60476f2511d00\"><img loading=\"lazy\" decoding=\"async\" src=\"https:\/\/www.luisa.ee\/wp-content\/uploads\/fly-images\/5917\/IMG_0810-1-1060x420-c.jpg\" width=\"1060\" height=\"420\" \/><\/a><\/div><\/div><div class=\"swiper-slide\"><div class=\"slide-inner d-flex flex-wrap align-items-center justify-content-center\"><a href=\"https:\/\/www.luisa.ee\/wp-content\/uploads\/2021\/03\/IMG_0808-1-1360x1020.jpg\" data-fancybox=\"gallery-block_60476f2511d00\"><img loading=\"lazy\" decoding=\"async\" src=\"https:\/\/www.luisa.ee\/wp-content\/uploads\/fly-images\/5918\/IMG_0808-1-1060x420-c.jpg\" width=\"1060\" height=\"420\" \/><\/a><\/div><\/div><div class=\"swiper-slide\"><div class=\"slide-inner d-flex flex-wrap align-items-center justify-content-center\"><a href=\"https:\/\/www.luisa.ee\/wp-content\/uploads\/2021\/03\/IMG_0789-1-1360x1020.jpg\" data-fancybox=\"gallery-block_60476f2511d00\"><img loading=\"lazy\" decoding=\"async\" src=\"https:\/\/www.luisa.ee\/wp-content\/uploads\/fly-images\/5921\/IMG_0789-1-1060x420-c.jpg\" width=\"1060\" height=\"420\" \/><\/a><\/div><\/div><div class=\"swiper-slide\"><div class=\"slide-inner d-flex flex-wrap align-items-center justify-content-center\"><a href=\"https:\/\/www.luisa.ee\/wp-content\/uploads\/2021\/03\/U14A1183-640x480-1-1-1360x1020.jpg\" data-fancybox=\"gallery-block_60476f2511d00\"><img loading=\"lazy\" decoding=\"async\" src=\"https:\/\/www.luisa.ee\/wp-content\/uploads\/fly-images\/5923\/U14A1183-640x480-1-1-1060x420-c.jpg\" width=\"1060\" height=\"420\" \/><\/a><\/div><\/div><div class=\"swiper-slide\"><div class=\"slide-inner d-flex flex-wrap align-items-center justify-content-center\"><a href=\"https:\/\/www.luisa.ee\/wp-content\/uploads\/2021\/03\/IMG_0820-1-1360x1020.jpg\" data-fancybox=\"gallery-block_60476f2511d00\"><img loading=\"lazy\" decoding=\"async\" src=\"https:\/\/www.luisa.ee\/wp-content\/uploads\/fly-images\/5924\/IMG_0820-1-1060x420-c.jpg\" width=\"1060\" height=\"420\" \/><\/a><\/div><\/div><div class=\"swiper-slide\"><div class=\"slide-inner d-flex flex-wrap align-items-center justify-content-center\"><a href=\"https:\/\/www.luisa.ee\/wp-content\/uploads\/2021\/03\/IMG_0819-1-1360x1020.jpg\" data-fancybox=\"gallery-block_60476f2511d00\"><img loading=\"lazy\" decoding=\"async\" src=\"https:\/\/www.luisa.ee\/wp-content\/uploads\/fly-images\/5925\/IMG_0819-1-1060x420-c.jpg\" width=\"1060\" height=\"420\" \/><\/a><\/div><\/div><div class=\"swiper-slide\"><div class=\"slide-inner d-flex flex-wrap align-items-center justify-content-center\"><a href=\"https:\/\/www.luisa.ee\/wp-content\/uploads\/2021\/03\/IMG_0818-1360x1020.jpg\" data-fancybox=\"gallery-block_60476f2511d00\"><img loading=\"lazy\" decoding=\"async\" src=\"https:\/\/www.luisa.ee\/wp-content\/uploads\/fly-images\/5927\/IMG_0818-1060x420-c.jpg\" width=\"1060\" height=\"420\" \/><\/a><\/div><\/div><div class=\"swiper-slide\"><div class=\"slide-inner d-flex flex-wrap align-items-center justify-content-center\"><a href=\"https:\/\/www.luisa.ee\/wp-content\/uploads\/2021\/03\/IMG_0816-1-1360x1020.jpg\" data-fancybox=\"gallery-block_60476f2511d00\"><img loading=\"lazy\" decoding=\"async\" src=\"https:\/\/www.luisa.ee\/wp-content\/uploads\/fly-images\/5928\/IMG_0816-1-1060x420-c.jpg\" width=\"1060\" height=\"420\" \/><\/a><\/div><\/div><div class=\"swiper-slide\"><div class=\"slide-inner d-flex flex-wrap align-items-center justify-content-center\"><a href=\"https:\/\/www.luisa.ee\/wp-content\/uploads\/2021\/03\/IMG_0814-1-1360x1020.jpg\" data-fancybox=\"gallery-block_60476f2511d00\"><img loading=\"lazy\" decoding=\"async\" src=\"https:\/\/www.luisa.ee\/wp-content\/uploads\/fly-images\/5930\/IMG_0814-1-1060x420-c.jpg\" width=\"1060\" height=\"420\" \/><\/a><\/div><\/div><div class=\"swiper-slide\"><div class=\"slide-inner d-flex flex-wrap align-items-center justify-content-center\"><a href=\"https:\/\/www.luisa.ee\/wp-content\/uploads\/2021\/03\/IMG_0813-1-1360x1020.jpg\" data-fancybox=\"gallery-block_60476f2511d00\"><img loading=\"lazy\" decoding=\"async\" src=\"https:\/\/www.luisa.ee\/wp-content\/uploads\/fly-images\/5932\/IMG_0813-1-1060x420-c.jpg\" width=\"1060\" height=\"420\" \/><\/a><\/div><\/div><div class=\"swiper-slide\"><div class=\"slide-inner d-flex flex-wrap align-items-center justify-content-center\"><a href=\"https:\/\/www.luisa.ee\/wp-content\/uploads\/2021\/03\/swRL68QX_4x-1360x1020.jpg\" data-fancybox=\"gallery-block_60476f2511d00\"><img loading=\"lazy\" decoding=\"async\" src=\"https:\/\/www.luisa.ee\/wp-content\/uploads\/fly-images\/5933\/swRL68QX_4x-1060x420-c.jpg\" width=\"1060\" height=\"420\" \/><\/a><\/div><\/div><div class=\"swiper-slide\"><div class=\"slide-inner d-flex flex-wrap align-items-center justify-content-center\"><a href=\"https:\/\/www.luisa.ee\/wp-content\/uploads\/2021\/03\/IMG_0812-1-1-1360x1020.jpg\" data-fancybox=\"gallery-block_60476f2511d00\"><img loading=\"lazy\" decoding=\"async\" src=\"https:\/\/www.luisa.ee\/wp-content\/uploads\/fly-images\/5935\/IMG_0812-1-1-1060x420-c.jpg\" width=\"1060\" height=\"420\" \/><\/a><\/div><\/div><div class=\"swiper-slide\"><div class=\"slide-inner d-flex flex-wrap align-items-center justify-content-center\"><a href=\"https:\/\/www.luisa.ee\/wp-content\/uploads\/2021\/03\/GwB1LYP6_4x-1360x1020.jpg\" data-fancybox=\"gallery-block_60476f2511d00\"><img loading=\"lazy\" decoding=\"async\" src=\"https:\/\/www.luisa.ee\/wp-content\/uploads\/fly-images\/5936\/GwB1LYP6_4x-1060x420-c.jpg\" width=\"1060\" height=\"420\" \/><\/a><\/div><\/div><div class=\"swiper-slide\"><div class=\"slide-inner d-flex flex-wrap align-items-center justify-content-center\"><a href=\"https:\/\/www.luisa.ee\/wp-content\/uploads\/2021\/03\/QFpWow5z_4x-1360x1020.jpg\" data-fancybox=\"gallery-block_60476f2511d00\"><img loading=\"lazy\" decoding=\"async\" src=\"https:\/\/www.luisa.ee\/wp-content\/uploads\/fly-images\/5937\/QFpWow5z_4x-1060x420-c.jpg\" width=\"1060\" height=\"420\" \/><\/a><\/div><\/div><div class=\"swiper-slide\"><div class=\"slide-inner d-flex flex-wrap align-items-center justify-content-center\"><a href=\"https:\/\/www.luisa.ee\/wp-content\/uploads\/2021\/03\/AhSKc8vQ_4x-1360x1020.jpg\" data-fancybox=\"gallery-block_60476f2511d00\"><img loading=\"lazy\" decoding=\"async\" src=\"https:\/\/www.luisa.ee\/wp-content\/uploads\/fly-images\/5939\/AhSKc8vQ_4x-1060x420-c.jpg\" width=\"1060\" height=\"420\" \/><\/a><\/div><\/div><div class=\"swiper-slide\"><div class=\"slide-inner d-flex flex-wrap align-items-center justify-content-center\"><a href=\"https:\/\/www.luisa.ee\/wp-content\/uploads\/2021\/03\/zi6hN1ou_4x-1360x1020.jpg\" data-fancybox=\"gallery-block_60476f2511d00\"><img loading=\"lazy\" decoding=\"async\" src=\"https:\/\/www.luisa.ee\/wp-content\/uploads\/fly-images\/5940\/zi6hN1ou_4x-1060x420-c.jpg\" width=\"1060\" height=\"420\" \/><\/a><\/div><\/div><div class=\"swiper-slide\"><div class=\"slide-inner d-flex flex-wrap align-items-center justify-content-center\"><a href=\"https:\/\/www.luisa.ee\/wp-content\/uploads\/2021\/03\/9oSnMZpL_4x-1360x1360.jpg\" data-fancybox=\"gallery-block_60476f2511d00\"><img loading=\"lazy\" decoding=\"async\" src=\"https:\/\/www.luisa.ee\/wp-content\/uploads\/fly-images\/5941\/9oSnMZpL_4x-1060x420-c.jpg\" width=\"1060\" height=\"420\" \/><\/a><\/div><\/div><\/div><\/div><div class=\"swiper-controls d-flex flex-wrap align-items-center justify-content-center\"><div class=\"swiper-button-prev\"><svg xmlns=\"http:\/\/www.w3.org\/2000\/svg\" width=\"18.286\" height=\"12.821\" viewBox=\"0 0 18.286 12.821\"><path d=\"M3268.254,2318.666a.878.878,0,0,1,0-1.236l5.546-5.537a.868.868,0,0,1,1.227,1.228l-4.928,4.928,4.928,4.928a.868.868,0,0,1-1.227,1.228Zm18.031.253h-17.413v-1.741h17.413Z\" transform=\"translate(-3268 -2311.637)\" fill=\"#9c841d\"\/><\/svg><\/div><div class=\"swiper-pagination\"><\/div><div class=\"swiper-button-next\"><svg xmlns=\"http:\/\/www.w3.org\/2000\/svg\" width=\"18.286\" height=\"12.82\" viewBox=\"0 0 18.286 12.82\"><path d=\"M3286.031,2318.666a.878.878,0,0,0,0-1.236l-5.546-5.537a.868.868,0,0,0-1.227,1.228l4.928,4.928-4.928,4.927a.868.868,0,0,0,1.227,1.228Zm-18.031.253h17.413v-1.741H3268Z\" transform=\"translate(-3268 -2311.637)\" fill=\"#9c841d\"\/><\/svg><\/div><\/div><\/div><\/div>","protected":false},"excerpt":{"rendered":"<p>30 vuotta synergiaa ja intoa! Vuonna 1992 maailmassa tapahtui montakin t\u00e4rke\u00e4\u00e4 asiaa, mutta meid\u00e4n tarinamme alkoi n\u00e4in: Viro oli juuri&#8230;<\/p>\n","protected":false},"author":1,"featured_media":0,"parent":4633,"menu_order":40,"comment_status":"closed","ping_status":"closed","template":"","meta":{"_acf_changed":false,"inline_featured_image":false,"footnotes":"","_links_to":"","_links_to_target":""},"class_list":["post-4575","page","type-page","status-publish","hentry"],"acf":[],"_links":{"self":[{"href":"https:\/\/www.luisa.ee\/fi\/wp-json\/wp\/v2\/pages\/4575","targetHints":{"allow":["GET"]}}],"collection":[{"href":"https:\/\/www.luisa.ee\/fi\/wp-json\/wp\/v2\/pages"}],"about":[{"href":"https:\/\/www.luisa.ee\/fi\/wp-json\/wp\/v2\/types\/page"}],"author":[{"embeddable":true,"href":"https:\/\/www.luisa.ee\/fi\/wp-json\/wp\/v2\/users\/1"}],"replies":[{"embeddable":true,"href":"https:\/\/www.luisa.ee\/fi\/wp-json\/wp\/v2\/comments?post=4575"}],"version-history":[{"count":2,"href":"https:\/\/www.luisa.ee\/fi\/wp-json\/wp\/v2\/pages\/4575\/revisions"}],"predecessor-version":[{"id":8184,"href":"https:\/\/www.luisa.ee\/fi\/wp-json\/wp\/v2\/pages\/4575\/revisions\/8184"}],"up":[{"embeddable":true,"href":"https:\/\/www.luisa.ee\/fi\/wp-json\/wp\/v2\/pages\/4633"}],"wp:attachment":[{"href":"https:\/\/www.luisa.ee\/fi\/wp-json\/wp\/v2\/media?parent=4575"}],"curies":[{"name":"wp","href":"https:\/\/api.w.org\/{rel}","templated":true}]}}