{"id":4605,"date":"2021-03-15T10:20:25","date_gmt":"2021-03-15T08:20:25","guid":{"rendered":"https:\/\/www.luisa.ee\/kliendiala\/"},"modified":"2024-09-13T22:10:57","modified_gmt":"2024-09-13T19:10:57","slug":"kliendiala","status":"publish","type":"page","link":"https:\/\/www.luisa.ee\/fi\/kliendiala\/","title":{"rendered":"Asiakasalusta"},"content":{"rendered":"\n<div class=\"wp-block-buttons is-content-justification-center is-layout-flex wp-block-buttons-is-layout-flex\">\n<div class=\"wp-block-button\"><a class=\"wp-block-button__link\" href=\"https:\/\/luisa.tpbox.com\/\" target=\"_blank\" rel=\"noopener\">P\u00e4\u00e4sy asiakasalustalle t\u00e4\u00e4lt\u00e4<\/a><\/div>\n<\/div>\n\n\n\n<p class=\"wp-el\"><\/p>\n\n\n\n<p class=\"has-text-align-center wp-el\"><br><strong><strong>Jos haluat luoda henkil\u00f6kohtaisen tilin asiakasalustalle, voit ottaa yhteytt\u00e4 IT-projektip\u00e4\u00e4llikk\u00f6\u00f6mme osoitteessa\u00a0<a href=\"mailto:IT@luisa.ee\" target=\"_blank\" rel=\"noreferrer noopener\">IT@luisa.ee<\/a>.<\/strong><\/strong><\/p>\n\n\n<div id=\"acf-block_60474f2eb3471\" class=\"acf-block-element block-txtmedia\"><div class=\"row row-grid\"><div class=\"col-12 col-lg-6 col-content\">\n<h2 id=\"acf-block_60475588bf951\" class=\"wp-el d-flex flex-wrap align-items-center has-icon\"><span class=\"d-block\">Asiakasalusta<\/span><img decoding=\"async\" src=\"https:\/\/www.luisa.ee\/wp-content\/uploads\/2021\/03\/simple-crown-outline.svg\" alt=\"\" \/><\/h2>\n\n\n<p class=\"wp-el\">Tarjoamme asiakkaillemme \u2013 erityisesti niille, jotka arvostavat luottamuksellisuutta \u2013 mahdollisuuden ladata tiedostoja k\u00e4\u00e4nnett\u00e4v\u00e4ksi, tallentaa valmiita t\u00f6it\u00e4 ja seurata laskuja asiakasalustallamme, johon p\u00e4\u00e4see henkil\u00f6kohtaisella k\u00e4ytt\u00e4j\u00e4tunnuksella.<\/p>\n\n<\/div><div class=\"col-12 col-lg-5 col-media offset-lg-1 align-self-lg-center\"><div class=\"col-media__wrapper type_singleimg position-relative\"><img loading=\"lazy\" decoding=\"async\" src=\"https:\/\/www.luisa.ee\/wp-content\/uploads\/fly-images\/504\/image2-510x380-c.png\" width=\"510\" height=\"380\" \/><\/div><\/div><\/div><\/div>\n\n<div id=\"acf-block_60532805bc435\" class=\"acf-block-element block-txtmedia\"><div class=\"row row-grid\"><div class=\"col-12 col-lg-6 col-content\">\n<h2 id=\"acf-block_60532805bc436\" class=\"wp-el d-flex flex-wrap align-items-center has-icon\"><span class=\"d-block\">Turvallinen ja nopea<\/span><img decoding=\"async\" src=\"https:\/\/www.luisa.ee\/wp-content\/uploads\/2021\/03\/speech-bubble.svg\" alt=\"\" \/><\/h2>\n\n\n<p class=\"wp-el\">Asiakasalustaa voi k\u00e4ytt\u00e4\u00e4 useampi yhteyshenkil\u00f6, joista jokaisella on oma tili. K\u00e4ytt\u00e4j\u00e4oikeuksien hierarkia varmistaa, ett\u00e4 kullakin k\u00e4ytt\u00e4j\u00e4ll\u00e4 on p\u00e4\u00e4sy vain h\u00e4nelle tarkoitettuihin asiakirjakansioihin.<\/p>\n\n\n\n<p class=\"wp-el\">Asiakastietojen turvallisuus on meille eritt\u00e4in t\u00e4rke\u00e4\u00e4. Lue lis\u00e4\u00e4 tietosuojastamme <a href=\"https:\/\/www.luisa.ee\/luisast\/sertifikaadid-ja-toostruktuur\/?lang=fi\">t\u00e4\u00e4lt\u00e4<\/a>.<\/p>\n\n<\/div><div class=\"col-12 col-lg-5 col-media offset-lg-1 align-self-lg-center\"><div class=\"col-media__wrapper type_singleimg position-relative\"><img decoding=\"async\" src=\"\" width=\"\" height=\"\" \/><\/div><\/div><\/div><\/div>\n\n\n<p class=\"wp-el\"><\/p>\n\n\n\n<p class=\"wp-el\"><\/p>\n","protected":false},"excerpt":{"rendered":"<p>Jos haluat luoda henkil\u00f6kohtaisen tilin asiakasalustalle, voit ottaa yhteytt\u00e4 IT-projektip\u00e4\u00e4llikk\u00f6\u00f6mme osoitteessa\u00a0IT@luisa.ee.<\/p>\n","protected":false},"author":1,"featured_media":0,"parent":0,"menu_order":0,"comment_status":"closed","ping_status":"closed","template":"","meta":{"_acf_changed":false,"inline_featured_image":false,"footnotes":"","_links_to":"","_links_to_target":""},"class_list":["post-4605","page","type-page","status-publish","hentry"],"acf":[],"_links":{"self":[{"href":"https:\/\/www.luisa.ee\/fi\/wp-json\/wp\/v2\/pages\/4605","targetHints":{"allow":["GET"]}}],"collection":[{"href":"https:\/\/www.luisa.ee\/fi\/wp-json\/wp\/v2\/pages"}],"about":[{"href":"https:\/\/www.luisa.ee\/fi\/wp-json\/wp\/v2\/types\/page"}],"author":[{"embeddable":true,"href":"https:\/\/www.luisa.ee\/fi\/wp-json\/wp\/v2\/users\/1"}],"replies":[{"embeddable":true,"href":"https:\/\/www.luisa.ee\/fi\/wp-json\/wp\/v2\/comments?post=4605"}],"version-history":[{"count":10,"href":"https:\/\/www.luisa.ee\/fi\/wp-json\/wp\/v2\/pages\/4605\/revisions"}],"predecessor-version":[{"id":8326,"href":"https:\/\/www.luisa.ee\/fi\/wp-json\/wp\/v2\/pages\/4605\/revisions\/8326"}],"wp:attachment":[{"href":"https:\/\/www.luisa.ee\/fi\/wp-json\/wp\/v2\/media?parent=4605"}],"curies":[{"name":"wp","href":"https:\/\/api.w.org\/{rel}","templated":true}]}}