{"id":7217,"date":"2023-04-04T10:41:30","date_gmt":"2023-04-04T07:41:30","guid":{"rendered":"https:\/\/www.luisa.ee\/?page_id=7217"},"modified":"2024-09-21T13:15:30","modified_gmt":"2024-09-21T10:15:30","slug":"7217-2","status":"publish","type":"page","link":"https:\/\/www.luisa.ee\/ru\/7217-2\/","title":{"rendered":""},"content":{"rendered":"\n<p class=\"wp-el\"><strong>\u041f\u043e\u0447\u0435\u043c\u0443 \u043d\u0435\u043a\u043e\u0442\u043e\u0440\u044b\u0435 \u0441\u043b\u043e\u0432\u0430 \u0432 \u043c\u0435\u043d\u044e \u0432\u044b\u0434\u0435\u043b\u0435\u043d\u044b \u043a\u0443\u0440\u0441\u0438\u0432\u043e\u043c?<\/strong><strong><\/strong><\/p>\n\n\n\n<p class=\"wp-el\">\u041a\u0443\u0440\u0441\u0438\u0432 \u043e\u0431\u043e\u0437\u043d\u0430\u0447\u0430\u0435\u0442 \u0438\u0441\u043f\u043e\u043b\u044c\u0437\u0443\u0435\u043c\u044b\u0435 \u0432 \u044d\u0441\u0442\u043e\u043d\u0441\u043a\u043e\u043c \u044f\u0437\u044b\u043a\u0435 \u0438\u043d\u043e\u0441\u0442\u0440\u0430\u043d\u043d\u044b\u0435 \u0441\u043b\u043e\u0432\u0430 \u0432 \u043e\u0440\u0438\u0433\u0438\u043d\u0430\u043b\u044c\u043d\u043e\u043c \u043d\u0430\u043f\u0438\u0441\u0430\u043d\u0438\u0438, \u043d\u0430\u043f\u0440\u0438\u043c\u0435\u0440: <em>buffet<\/em>, <em>cr\u00e8me br\u00fbl\u00e9e<\/em>,<em> cappuccino.<\/em> \u0421\u043e\u0445\u0440\u0430\u043d\u044f\u044e\u0449\u0438\u0435 \u043e\u0440\u0438\u0433\u0438\u043d\u0430\u043b\u044c\u043d\u0443\u044e \u043e\u0440\u0444\u043e\u0433\u0440\u0430\u0444\u0438\u044e \u0441\u043b\u043e\u0432\u0430 \u0441\u043a\u043b\u043e\u043d\u044f\u044e\u0442\u0441\u044f \u0441 \u0438\u0441\u043f\u043e\u043b\u044c\u0437\u043e\u0432\u0430\u043d\u0438\u0435\u043c \u0430\u043f\u043e\u0441\u0442\u0440\u043e\u0444\u0430, \u043f\u0440\u0438\u0447\u0435\u043c \u043f\u0430\u0434\u0435\u0436\u043d\u043e\u0435 \u043e\u043a\u043e\u043d\u0447\u0430\u043d\u0438\u0435 \u043d\u0435 \u0432\u044b\u0434\u0435\u043b\u044f\u0435\u0442\u0441\u044f \u043a\u0443\u0440\u0441\u0438\u0432\u043e\u043c, \u043d\u0430\u043f\u0440\u0438\u043c\u0435\u0440: <em>latte macchiato<\/em>\u2019t, <em>teriyaki<\/em>\u2019ga, <em>brownie<\/em>\u2019sid. \u0415\u0441\u043b\u0438 \u0437\u0430\u0438\u043c\u0441\u0442\u0432\u043e\u0432\u0430\u043d\u0438\u0435 \u044f\u0432\u043b\u044f\u0435\u0442\u0441\u044f \u0447\u0430\u0441\u0442\u044c\u044e \u0441\u043e\u0441\u0442\u0430\u0432\u043d\u043e\u0433\u043e \u0441\u043b\u043e\u0432\u0430, \u043e\u043d\u043e \u043e\u0442\u0434\u0435\u043b\u044f\u0435\u0442\u0441\u044f \u0434\u0435\u0444\u0438\u0441\u043e\u043c, \u043d\u0430\u043f\u0440\u0438\u043c\u0435\u0440: <em>cappuccino<\/em>-kook, tomati-<em>mozzarella<\/em>-salat, <em>wasabi<\/em>-kaste.<\/p>\n\n\n\n<p class=\"wp-el\">\u041f\u043e\u0447\u0435\u043c\u0443 \u044f \u043d\u0435 \u043c\u043e\u0433\u0443 \u0438\u0441\u043f\u043e\u043b\u044c\u0437\u043e\u0432\u0430\u0442\u044c \u0441\u043b\u043e\u0432\u043e <strong><em>passion<\/em><\/strong>?<\/p>\n\n\n\n<p class=\"wp-el\">\u041f\u043e\u0442\u043e\u043c\u0443 \u0447\u0442\u043e \u043d\u0430 \u0430\u043d\u0433\u043b\u0438\u0439\u0441\u043a\u043e\u043c \u044f\u0437\u044b\u043a\u0435 \u044d\u0442\u043e \u043e\u0437\u043d\u0430\u0447\u0430\u0435\u0442 \u0447\u0442\u043e-\u0442\u043e \u0434\u0440\u0443\u0433\u043e\u0435 (https:\/\/sonaveeb.ee\/search\/unif\/dlall\/dsall\/passion\/1), \u0430 \u043d\u0435 \u0442\u043e\u0442 \u0442\u0435\u0440\u043c\u0438\u043d, \u043a\u043e\u0442\u043e\u0440\u044b\u0439 \u0432\u044b \u0445\u043e\u0442\u0438\u0442\u0435 \u0432\u0438\u0434\u0435\u0442\u044c \u0432 \u043c\u0435\u043d\u044e (<em>passion fruit<\/em>, \u0444\u0440\u0443\u043a\u0442 \u043c\u0430\u0440\u0430\u043a\u0443\u0439\u044f).<\/p>\n","protected":false},"excerpt":{"rendered":"<p>\u041f\u043e\u0447\u0435\u043c\u0443 \u043d\u0435\u043a\u043e\u0442\u043e\u0440\u044b\u0435 \u0441\u043b\u043e\u0432\u0430 \u0432 \u043c\u0435\u043d\u044e \u0432\u044b\u0434\u0435\u043b\u0435\u043d\u044b \u043a\u0443\u0440\u0441\u0438\u0432\u043e\u043c? \u041a\u0443\u0440\u0441\u0438\u0432 \u043e\u0431\u043e\u0437\u043d\u0430\u0447\u0430\u0435\u0442 \u0438\u0441\u043f\u043e\u043b\u044c\u0437\u0443\u0435\u043c\u044b\u0435 \u0432 \u044d\u0441\u0442\u043e\u043d\u0441\u043a\u043e\u043c \u044f\u0437\u044b\u043a\u0435 \u0438\u043d\u043e\u0441\u0442\u0440\u0430\u043d\u043d\u044b\u0435 \u0441\u043b\u043e\u0432\u0430 \u0432 \u043e\u0440\u0438\u0433\u0438\u043d\u0430\u043b\u044c\u043d\u043e\u043c \u043d\u0430\u043f\u0438\u0441\u0430\u043d\u0438\u0438, \u043d\u0430\u043f\u0440\u0438\u043c\u0435\u0440: buffet,&#8230;<\/p>\n","protected":false},"author":2,"featured_media":0,"parent":0,"menu_order":0,"comment_status":"closed","ping_status":"closed","template":"","meta":{"_acf_changed":false,"inline_featured_image":false,"footnotes":"","_links_to":"","_links_to_target":""},"class_list":["post-7217","page","type-page","status-publish","hentry"],"acf":[],"_links":{"self":[{"href":"https:\/\/www.luisa.ee\/ru\/wp-json\/wp\/v2\/pages\/7217","targetHints":{"allow":["GET"]}}],"collection":[{"href":"https:\/\/www.luisa.ee\/ru\/wp-json\/wp\/v2\/pages"}],"about":[{"href":"https:\/\/www.luisa.ee\/ru\/wp-json\/wp\/v2\/types\/page"}],"author":[{"embeddable":true,"href":"https:\/\/www.luisa.ee\/ru\/wp-json\/wp\/v2\/users\/2"}],"replies":[{"embeddable":true,"href":"https:\/\/www.luisa.ee\/ru\/wp-json\/wp\/v2\/comments?post=7217"}],"version-history":[{"count":2,"href":"https:\/\/www.luisa.ee\/ru\/wp-json\/wp\/v2\/pages\/7217\/revisions"}],"predecessor-version":[{"id":8392,"href":"https:\/\/www.luisa.ee\/ru\/wp-json\/wp\/v2\/pages\/7217\/revisions\/8392"}],"wp:attachment":[{"href":"https:\/\/www.luisa.ee\/ru\/wp-json\/wp\/v2\/media?parent=7217"}],"curies":[{"name":"wp","href":"https:\/\/api.w.org\/{rel}","templated":true}]}}